{"id":2738,"date":"2021-06-04T06:07:09","date_gmt":"2021-06-04T06:07:09","guid":{"rendered":"https:\/\/intermedio.com.mx\/biosalud\/?post_type=product&#038;p=2738"},"modified":"2021-06-04T06:08:40","modified_gmt":"2021-06-04T06:08:40","slug":"cm-2","status":"publish","type":"product","link":"https:\/\/intermedio.com.mx\/biosalud\/producto\/cm-2\/","title":{"rendered":"CM-2"},"content":{"rendered":"<p>Antis\u00e9ptico, antioxidante aplicable en contusiones, heridas incisas.<\/p>\n<p>Indicado para llagas en piernas, \u00falceras, erupciones, dermatitis y pie diab\u00e9tico.<\/p>\n<blockquote><p><strong>Este producto no es un medicamento.<\/strong><\/p><\/blockquote>\n<p><strong>Ingredientes:<\/strong> Vitamina C, Tiamina, Niacina, \u00c1cido f\u00f3lico, Riboflavina y veh\u00edculo en uso.<\/p>\n<p>&nbsp;<\/p>\n","protected":false},"excerpt":{"rendered":"<p><strong>Contenido Neto:<\/strong> 30 ml.<\/p>\n<p>Cauterizante de bajo impacto 100% natural que act\u00faa sobre las heridas.<\/p>\n","protected":false},"featured_media":2735,"comment_status":"closed","ping_status":"closed","template":"","meta":{"inline_featured_image":false},"product_brand":[],"product_cat":[129],"product_tag":[],"class_list":{"0":"post-2738","1":"product","2":"type-product","3":"status-publish","4":"has-post-thumbnail","6":"product_cat-biosalud","8":"first","9":"outofstock","10":"taxable","11":"shipping-taxable","12":"product-type-simple"},"_links":{"self":[{"href":"https:\/\/intermedio.com.mx\/biosalud\/wp-json\/wp\/v2\/product\/2738","targetHints":{"allow":["GET"]}}],"collection":[{"href":"https:\/\/intermedio.com.mx\/biosalud\/wp-json\/wp\/v2\/product"}],"about":[{"href":"https:\/\/intermedio.com.mx\/biosalud\/wp-json\/wp\/v2\/types\/product"}],"replies":[{"embeddable":true,"href":"https:\/\/intermedio.com.mx\/biosalud\/wp-json\/wp\/v2\/comments?post=2738"}],"version-history":[{"count":1,"href":"https:\/\/intermedio.com.mx\/biosalud\/wp-json\/wp\/v2\/product\/2738\/revisions"}],"predecessor-version":[{"id":2739,"href":"https:\/\/intermedio.com.mx\/biosalud\/wp-json\/wp\/v2\/product\/2738\/revisions\/2739"}],"wp:featuredmedia":[{"embeddable":true,"href":"https:\/\/intermedio.com.mx\/biosalud\/wp-json\/wp\/v2\/media\/2735"}],"wp:attachment":[{"href":"https:\/\/intermedio.com.mx\/biosalud\/wp-json\/wp\/v2\/media?parent=2738"}],"wp:term":[{"taxonomy":"product_brand","embeddable":true,"href":"https:\/\/intermedio.com.mx\/biosalud\/wp-json\/wp\/v2\/product_brand?post=2738"},{"taxonomy":"product_cat","embeddable":true,"href":"https:\/\/intermedio.com.mx\/biosalud\/wp-json\/wp\/v2\/product_cat?post=2738"},{"taxonomy":"product_tag","embeddable":true,"href":"https:\/\/intermedio.com.mx\/biosalud\/wp-json\/wp\/v2\/product_tag?post=2738"}],"curies":[{"name":"wp","href":"https:\/\/api.w.org\/{rel}","templated":true}]}}