{"id":2732,"date":"2021-06-04T05:59:29","date_gmt":"2021-06-04T05:59:29","guid":{"rendered":"https:\/\/intermedio.com.mx\/biosalud\/?post_type=product&#038;p=2732"},"modified":"2021-06-04T06:09:16","modified_gmt":"2021-06-04T06:09:16","slug":"cm-1","status":"publish","type":"product","link":"https:\/\/intermedio.com.mx\/biosalud\/producto\/cm-1\/","title":{"rendered":"CM-1"},"content":{"rendered":"<p>Antis\u00e9ptico, antioxidante aplicable en contusiones, heridas incisas.<\/p>\n<p>Indicado para llagas en piernas, \u00falceras, erupciones, dermatitis y pie diab\u00e9tico.<\/p>\n<blockquote><p><strong>Este producto no es un medicamento.<\/strong><\/p><\/blockquote>\n<p><strong>Ingredientes:<\/strong> Vitamina C, Tiamina, Niacina, \u00c1cido f\u00f3lico, Riboflavina y veh\u00edculo en uso.<\/p>\n<p>&nbsp;<\/p>\n","protected":false},"excerpt":{"rendered":"<p><strong>Contenido Neto:<\/strong> 15 ml.<\/p>\n<p>Cauterizante 100% natural que act\u00faa sobre las heridas.<\/p>\n","protected":false},"featured_media":2733,"comment_status":"closed","ping_status":"closed","template":"","meta":{"inline_featured_image":false},"product_brand":[],"product_cat":[129],"product_tag":[],"class_list":{"0":"post-2732","1":"product","2":"type-product","3":"status-publish","4":"has-post-thumbnail","6":"product_cat-biosalud","8":"first","9":"outofstock","10":"taxable","11":"shipping-taxable","12":"product-type-simple"},"_links":{"self":[{"href":"https:\/\/intermedio.com.mx\/biosalud\/wp-json\/wp\/v2\/product\/2732","targetHints":{"allow":["GET"]}}],"collection":[{"href":"https:\/\/intermedio.com.mx\/biosalud\/wp-json\/wp\/v2\/product"}],"about":[{"href":"https:\/\/intermedio.com.mx\/biosalud\/wp-json\/wp\/v2\/types\/product"}],"replies":[{"embeddable":true,"href":"https:\/\/intermedio.com.mx\/biosalud\/wp-json\/wp\/v2\/comments?post=2732"}],"version-history":[{"count":1,"href":"https:\/\/intermedio.com.mx\/biosalud\/wp-json\/wp\/v2\/product\/2732\/revisions"}],"predecessor-version":[{"id":2737,"href":"https:\/\/intermedio.com.mx\/biosalud\/wp-json\/wp\/v2\/product\/2732\/revisions\/2737"}],"wp:featuredmedia":[{"embeddable":true,"href":"https:\/\/intermedio.com.mx\/biosalud\/wp-json\/wp\/v2\/media\/2733"}],"wp:attachment":[{"href":"https:\/\/intermedio.com.mx\/biosalud\/wp-json\/wp\/v2\/media?parent=2732"}],"wp:term":[{"taxonomy":"product_brand","embeddable":true,"href":"https:\/\/intermedio.com.mx\/biosalud\/wp-json\/wp\/v2\/product_brand?post=2732"},{"taxonomy":"product_cat","embeddable":true,"href":"https:\/\/intermedio.com.mx\/biosalud\/wp-json\/wp\/v2\/product_cat?post=2732"},{"taxonomy":"product_tag","embeddable":true,"href":"https:\/\/intermedio.com.mx\/biosalud\/wp-json\/wp\/v2\/product_tag?post=2732"}],"curies":[{"name":"wp","href":"https:\/\/api.w.org\/{rel}","templated":true}]}}