{"id":2514,"date":"2021-03-10T03:47:49","date_gmt":"2021-03-10T03:47:49","guid":{"rendered":"https:\/\/demo2wpopal.b-cdn.net\/freshio\/product\/intelligent-leather-plate\/"},"modified":"2024-02-01T22:53:53","modified_gmt":"2024-02-01T22:53:53","slug":"citribac","status":"publish","type":"product","link":"https:\/\/intermedio.com.mx\/biosalud\/producto\/citribac\/","title":{"rendered":"Citribac Bactericida"},"content":{"rendered":"<p><strong>\u00bfQu\u00e9 es CITRIBAC?<\/strong><\/p>\n<p>Citribac re\u00fane diversas e incontables aplicaciones para el ser humano, siendo un excelente preventivo que se ha logrado ganar la aceptaci\u00f3n del mercado.<\/p>\n<blockquote><p><strong>No t\u00f3xico, no met\u00e1lico y biodegradable.<\/strong><\/p><\/blockquote>\n<p><strong>Formas de uso:<\/strong><\/p>\n<p><strong>Usos internos:<\/strong> Preventivo viral, Antibi\u00f3tico, Enjuague bucal, Desorden gastrointestinal, Diarrea, Extracci\u00f3n dental, Desparasitar, Resfriado y gripe, Tos, ronquera y laringitis.<\/p>\n<p><strong>Usos Externos:<\/strong> Limpiador facial, Pie de atleta, Verrugas, Caspa, Heridas y raspaduras.<\/p>\n<blockquote><p>Por eso es llamado: <span style=\"color: #008000;\">&#8220;<strong>El botiqu\u00edn m\u00e1s peque\u00f1o del mundo<\/strong>\u201d<\/span>.<\/p><\/blockquote>\n","protected":false},"excerpt":{"rendered":"<p>Gotero con 30 ml.<\/p>\n<p>Bactericida antimicrobiano de amplio espectro de origen natural.<\/p>\n","protected":false},"featured_media":2663,"comment_status":"open","ping_status":"closed","template":"","meta":{"inline_featured_image":false},"product_brand":[],"product_cat":[129],"product_tag":[],"class_list":{"0":"post-2514","1":"product","2":"type-product","3":"status-publish","4":"has-post-thumbnail","6":"product_cat-biosalud","8":"first","9":"outofstock","10":"featured","11":"taxable","12":"shipping-taxable","13":"purchasable","14":"product-type-simple"},"_links":{"self":[{"href":"https:\/\/intermedio.com.mx\/biosalud\/wp-json\/wp\/v2\/product\/2514","targetHints":{"allow":["GET"]}}],"collection":[{"href":"https:\/\/intermedio.com.mx\/biosalud\/wp-json\/wp\/v2\/product"}],"about":[{"href":"https:\/\/intermedio.com.mx\/biosalud\/wp-json\/wp\/v2\/types\/product"}],"replies":[{"embeddable":true,"href":"https:\/\/intermedio.com.mx\/biosalud\/wp-json\/wp\/v2\/comments?post=2514"}],"version-history":[{"count":11,"href":"https:\/\/intermedio.com.mx\/biosalud\/wp-json\/wp\/v2\/product\/2514\/revisions"}],"predecessor-version":[{"id":2698,"href":"https:\/\/intermedio.com.mx\/biosalud\/wp-json\/wp\/v2\/product\/2514\/revisions\/2698"}],"wp:featuredmedia":[{"embeddable":true,"href":"https:\/\/intermedio.com.mx\/biosalud\/wp-json\/wp\/v2\/media\/2663"}],"wp:attachment":[{"href":"https:\/\/intermedio.com.mx\/biosalud\/wp-json\/wp\/v2\/media?parent=2514"}],"wp:term":[{"taxonomy":"product_brand","embeddable":true,"href":"https:\/\/intermedio.com.mx\/biosalud\/wp-json\/wp\/v2\/product_brand?post=2514"},{"taxonomy":"product_cat","embeddable":true,"href":"https:\/\/intermedio.com.mx\/biosalud\/wp-json\/wp\/v2\/product_cat?post=2514"},{"taxonomy":"product_tag","embeddable":true,"href":"https:\/\/intermedio.com.mx\/biosalud\/wp-json\/wp\/v2\/product_tag?post=2514"}],"curies":[{"name":"wp","href":"https:\/\/api.w.org\/{rel}","templated":true}]}}