{"id":2505,"date":"2021-03-10T03:47:49","date_gmt":"2021-03-10T03:47:49","guid":{"rendered":"https:\/\/demo2wpopal.b-cdn.net\/freshio\/product\/enormous-leather-lamp\/"},"modified":"2021-06-04T05:47:00","modified_gmt":"2021-06-04T05:47:00","slug":"killerbac-desinfectante-organico","status":"publish","type":"product","link":"https:\/\/intermedio.com.mx\/biosalud\/producto\/killerbac-desinfectante-organico\/","title":{"rendered":"Killerbac Desinfectante"},"content":{"rendered":"<p>Pertenece a una nueva generaci\u00f3n de desinfectantes y preservantes de alimentos que por ser de origen natural garantiza la <strong>no contaminaci\u00f3n ambiental<\/strong> y acumulaci\u00f3n en el organismo, pudiendo ser usado sin restricci\u00f3n o efectos colaterales en personas, alimentos, equipos y animales.<\/p>\n<p>No t\u00f3xico, no met\u00e1lico y biodegradable.<\/p>\n<blockquote><p><strong>Ahora con botellas reusables.<\/strong><\/p>\n<p><span style=\"color: #339966;\">Re\u00fasa el agua ya que desinfectaste tus frutas y verduras, esta agua util\u00edzala para tus plantas y jard\u00edn.<\/span><\/p><\/blockquote>\n","protected":false},"excerpt":{"rendered":"<p>Desinfectante org\u00e1nico de origen natural elaborado con extracto de semilla de toronja (Botellas reusables).<\/p>\n","protected":false},"featured_media":2676,"comment_status":"closed","ping_status":"closed","template":"","meta":{"inline_featured_image":false},"product_brand":[],"product_cat":[129],"product_tag":[131],"class_list":{"0":"post-2505","1":"product","2":"type-product","3":"status-publish","4":"has-post-thumbnail","6":"product_cat-biosalud","7":"product_tag-desinfectante-para-verduras","9":"first","10":"outofstock","11":"featured","12":"taxable","13":"shipping-taxable","14":"purchasable","15":"product-type-variable"},"_links":{"self":[{"href":"https:\/\/intermedio.com.mx\/biosalud\/wp-json\/wp\/v2\/product\/2505","targetHints":{"allow":["GET"]}}],"collection":[{"href":"https:\/\/intermedio.com.mx\/biosalud\/wp-json\/wp\/v2\/product"}],"about":[{"href":"https:\/\/intermedio.com.mx\/biosalud\/wp-json\/wp\/v2\/types\/product"}],"replies":[{"embeddable":true,"href":"https:\/\/intermedio.com.mx\/biosalud\/wp-json\/wp\/v2\/comments?post=2505"}],"version-history":[{"count":8,"href":"https:\/\/intermedio.com.mx\/biosalud\/wp-json\/wp\/v2\/product\/2505\/revisions"}],"predecessor-version":[{"id":2700,"href":"https:\/\/intermedio.com.mx\/biosalud\/wp-json\/wp\/v2\/product\/2505\/revisions\/2700"}],"wp:featuredmedia":[{"embeddable":true,"href":"https:\/\/intermedio.com.mx\/biosalud\/wp-json\/wp\/v2\/media\/2676"}],"wp:attachment":[{"href":"https:\/\/intermedio.com.mx\/biosalud\/wp-json\/wp\/v2\/media?parent=2505"}],"wp:term":[{"taxonomy":"product_brand","embeddable":true,"href":"https:\/\/intermedio.com.mx\/biosalud\/wp-json\/wp\/v2\/product_brand?post=2505"},{"taxonomy":"product_cat","embeddable":true,"href":"https:\/\/intermedio.com.mx\/biosalud\/wp-json\/wp\/v2\/product_cat?post=2505"},{"taxonomy":"product_tag","embeddable":true,"href":"https:\/\/intermedio.com.mx\/biosalud\/wp-json\/wp\/v2\/product_tag?post=2505"}],"curies":[{"name":"wp","href":"https:\/\/api.w.org\/{rel}","templated":true}]}}